{"id":3,"date":"2025-02-17T05:30:47","date_gmt":"2025-02-17T05:30:47","guid":{"rendered":"https:\/\/www.brigthlegacy.com\/?page_id=3"},"modified":"2025-07-14T15:40:27","modified_gmt":"2025-07-14T21:40:27","slug":"aviso-de-privacidad","status":"publish","type":"page","link":"https:\/\/www.brightlegacycapital.com\/en\/aviso-de-privacidad\/","title":{"rendered":"Privacy Notice"},"content":{"rendered":"<p>BRIGHT LEGACY CAPITAL, with address in Cypress Point, Cibolo, Texas and website www.brightlegacycapital.com, is responsible for the use and protection of your personal data, and in this regard we inform you of the following:<\/p>\n\n\n\n<h4 class=\"wp-block-heading\"><strong>For what purposes will we use your personal data?<\/strong><\/h4>\n\n\n\n<p>The personal data we collect from you will be used for the following purposes that are necessary for the service you request:<\/p>\n\n\n\n<p>Response to messages from the contact form, Provision of any requested services<\/p>\n\n\n\n<h4 class=\"wp-block-heading\"><strong>What personal data will we use for these purposes?<\/strong><\/h4>\n\n\n\n<p>To carry out the purposes described in this privacy notice, we will use the following personal data:<\/p>\n\n\n\n<p>Identification and contact information<\/p>\n\n\n\n<h4 class=\"wp-block-heading\"><strong>How can you access, rectify or cancel your personal data, or object to its use or exercise the revocation of consent?<\/strong><\/h4>\n\n\n\n<p>You have the right to know what personal information we have about you, what we use it for and the conditions of the use we make of it (Access). Likewise, it is your right to request the correction of your personal information in case it is outdated, inaccurate or incomplete (Rectification); that we remove it from our records or databases when you consider that it is not being used properly (Cancellation); as well as to oppose the use of your personal data for specific purposes (Opposition). These rights are known as ARCO rights.<\/p>\n\n\n\n<p>To exercise any of the ARCO rights, you must send a request via email to info@brightlegacycapital.com and must contain:<\/p>\n\n\n\n<ul class=\"wp-block-list\">\n<li>Holder's full name.<\/li>\n\n\n\n<li>Address.<\/li>\n\n\n\n<li>Phone.<\/li>\n\n\n\n<li>E-mail address used on this website.<\/li>\n\n\n\n<li>Copy of an official identification attached.<\/li>\n\n\n\n<li>Subject \u201cARCO Rights\u201d.<\/li>\n<\/ul>\n\n\n\n<p>Description of the purpose of the letter, which may include but not limited to the following: Revocation of consent to process your personal data; and\/or Notification of the improper use of the processing of your personal data; and\/or Exercise your ARCO Rights, with a clear and precise description of the data to Access, Rectify, Cancel or Oppose. In case of rectification of personal data, you must indicate the exact modification and attach supporting documentation; it is important in case of revocation of consent, please note that not in all cases we can meet your request or terminate the use immediately, since it is possible that some legal obligation may require us to continue processing your personal data. Also, you should consider that, for certain purposes, the revocation of your consent will mean that we can no longer provide the service you requested, or the conclusion of your relationship with us.<\/p>\n\n\n\n<h4 class=\"wp-block-heading\"><strong>How long will it take us to respond to your request?<\/strong><\/h4>\n\n\n\n<p>5 days<\/p>\n\n\n\n<h4 class=\"wp-block-heading\"><strong>By what means will we communicate the response to your request?<\/strong><\/h4>\n\n\n\n<p>To the same e-mail address from which the request was sent.<\/p>\n\n\n\n<h4 class=\"wp-block-heading\"><strong>Use of tracking technologies on our website<\/strong><\/h4>\n\n\n\n<p>We inform you that on our website we use cookies, web beacons or other technologies, through which it is possible to monitor your behavior as an Internet user, as well as to provide you with a better service and experience when browsing our website. The personal data we obtain from these tracking technologies are the following:<\/p>\n\n\n\n<p>Session identifiers, user name and passwords, User preferred language<\/p>\n\n\n\n<p>These cookies, web beacons and other technologies can be disabled. To learn how to do this, please consult your browser's help menu. Please note that if you disable cookies, you may not be able to access certain personalized features on our website.<\/p>\n\n\n\n<h4 class=\"wp-block-heading\"><strong>How can you find out about changes to this privacy notice?<\/strong><\/h4>\n\n\n\n<p>This privacy notice may be modified, changed or updated due to new legal requirements; our own needs for the products or services we offer; our privacy practices; changes in our business model, or for other reasons. We are committed to keep this privacy notice updated on the changes that may occur and you can always consult the updates that exist on the website www.brightlegacycapital.com.<\/p>\n\n\n\n<p>This privacy notice was last updated: 25\/03\/2025<\/p>\n\n\n\n<p><\/p>","protected":false},"excerpt":{"rendered":"<p>BRIGHT LEGACY CAPITAL, con domicilio en Cypress Point, Cibolo, Texas y portal de internet www.brightlegacycapital.com, es el responsable del uso y protecci\u00f3n de sus datos personales, y al respecto le informamos lo siguiente: \u00bfPara qu\u00e9 fines utilizaremos sus datos personales? Los datos personales que recabamos de usted, los utilizaremos para las siguientes finalidades que son [&hellip;]<\/p>\n","protected":false},"author":1,"featured_media":0,"parent":0,"menu_order":0,"comment_status":"closed","ping_status":"closed","template":"","meta":{"_joinchat":[],"footnotes":""},"class_list":["post-3","page","type-page","status-publish","hentry"],"yoast_head":"<!-- This site is optimized with the Yoast SEO plugin v27.3 - https:\/\/yoast.com\/product\/yoast-seo-wordpress\/ -->\n<title>Aviso de Privacidad - Bright Legacy Capital<\/title>\n<meta name=\"description\" content=\"Conectamos a l\u00edderes visionarios con fuentes de financiamiento de alto nivel, creando alianzas estrat\u00e9gicas que impulsan el \u00e9xito y aseguran la sostenibilidad de sus proyectos.\" \/>\n<meta name=\"robots\" content=\"noindex, nofollow\" \/>\n<meta property=\"og:locale\" content=\"en_US\" \/>\n<meta property=\"og:type\" content=\"article\" \/>\n<meta property=\"og:title\" content=\"Aviso de Privacidad - Bright Legacy Capital\" \/>\n<meta property=\"og:description\" content=\"Conectamos a l\u00edderes visionarios con fuentes de financiamiento de alto nivel, creando alianzas estrat\u00e9gicas que impulsan el \u00e9xito y aseguran la sostenibilidad de sus proyectos.\" \/>\n<meta property=\"og:url\" content=\"https:\/\/www.brightlegacycapital.com\/en\/aviso-de-privacidad\/\" \/>\n<meta property=\"og:site_name\" content=\"Bright Legacy Capital - Inversiones y Financiamiento\" \/>\n<meta property=\"article:modified_time\" content=\"2025-07-14T21:40:27+00:00\" \/>\n<meta property=\"og:image\" content=\"https:\/\/www.brightlegacycapital.com\/wp-content\/uploads\/2025\/04\/blc-logo.webp\" \/>\n\t<meta property=\"og:image:width\" content=\"1056\" \/>\n\t<meta property=\"og:image:height\" content=\"620\" \/>\n\t<meta property=\"og:image:type\" content=\"image\/webp\" \/>\n<meta name=\"twitter:card\" content=\"summary_large_image\" \/>\n<meta name=\"twitter:label1\" content=\"Est. reading time\" \/>\n\t<meta name=\"twitter:data1\" content=\"3 minutes\" \/>\n<script type=\"application\/ld+json\" class=\"yoast-schema-graph\">{\"@context\":\"https:\\\/\\\/schema.org\",\"@graph\":[{\"@type\":\"WebPage\",\"@id\":\"https:\\\/\\\/www.brightlegacycapital.com\\\/aviso-de-privacidad\\\/\",\"url\":\"https:\\\/\\\/www.brightlegacycapital.com\\\/aviso-de-privacidad\\\/\",\"name\":\"Aviso de Privacidad - Bright Legacy Capital\",\"isPartOf\":{\"@id\":\"https:\\\/\\\/www.brightlegacycapital.com\\\/#website\"},\"datePublished\":\"2025-02-17T05:30:47+00:00\",\"dateModified\":\"2025-07-14T21:40:27+00:00\",\"description\":\"Conectamos a l\u00edderes visionarios con fuentes de financiamiento de alto nivel, creando alianzas estrat\u00e9gicas que impulsan el \u00e9xito y aseguran la sostenibilidad de sus proyectos.\",\"breadcrumb\":{\"@id\":\"https:\\\/\\\/www.brightlegacycapital.com\\\/aviso-de-privacidad\\\/#breadcrumb\"},\"inLanguage\":\"en-US\",\"potentialAction\":[{\"@type\":\"ReadAction\",\"target\":[\"https:\\\/\\\/www.brightlegacycapital.com\\\/aviso-de-privacidad\\\/\"]}]},{\"@type\":\"BreadcrumbList\",\"@id\":\"https:\\\/\\\/www.brightlegacycapital.com\\\/aviso-de-privacidad\\\/#breadcrumb\",\"itemListElement\":[{\"@type\":\"ListItem\",\"position\":1,\"name\":\"Inicio\",\"item\":\"https:\\\/\\\/www.brightlegacycapital.com\\\/\"},{\"@type\":\"ListItem\",\"position\":2,\"name\":\"Aviso de Privacidad\"}]},{\"@type\":\"WebSite\",\"@id\":\"https:\\\/\\\/www.brightlegacycapital.com\\\/#website\",\"url\":\"https:\\\/\\\/www.brightlegacycapital.com\\\/\",\"name\":\"Bright Legacy Capital - Inversiones y Financiamiento\",\"description\":\"Conectamos a l\u00edderes visionarios con fuentes de financiamiento de alto nivel, creando alianzas estrat\u00e9gicas que impulsan el \u00e9xito y aseguran la sostenibilidad de sus proyectos.\",\"publisher\":{\"@id\":\"https:\\\/\\\/www.brightlegacycapital.com\\\/#organization\"},\"potentialAction\":[{\"@type\":\"SearchAction\",\"target\":{\"@type\":\"EntryPoint\",\"urlTemplate\":\"https:\\\/\\\/www.brightlegacycapital.com\\\/?s={search_term_string}\"},\"query-input\":{\"@type\":\"PropertyValueSpecification\",\"valueRequired\":true,\"valueName\":\"search_term_string\"}}],\"inLanguage\":\"en-US\"},{\"@type\":\"Organization\",\"@id\":\"https:\\\/\\\/www.brightlegacycapital.com\\\/#organization\",\"name\":\"Bright Legacy Capital - Inversiones y Financiamiento\",\"url\":\"https:\\\/\\\/www.brightlegacycapital.com\\\/\",\"logo\":{\"@type\":\"ImageObject\",\"inLanguage\":\"en-US\",\"@id\":\"https:\\\/\\\/www.brightlegacycapital.com\\\/#\\\/schema\\\/logo\\\/image\\\/\",\"url\":\"https:\\\/\\\/www.brightlegacycapital.com\\\/wp-content\\\/uploads\\\/2025\\\/04\\\/blc-logo.webp\",\"contentUrl\":\"https:\\\/\\\/www.brightlegacycapital.com\\\/wp-content\\\/uploads\\\/2025\\\/04\\\/blc-logo.webp\",\"width\":1056,\"height\":620,\"caption\":\"Bright Legacy Capital - Inversiones y Financiamiento\"},\"image\":{\"@id\":\"https:\\\/\\\/www.brightlegacycapital.com\\\/#\\\/schema\\\/logo\\\/image\\\/\"}}]}<\/script>\n<!-- \/ Yoast SEO plugin. -->","yoast_head_json":{"title":"Aviso de Privacidad - Bright Legacy Capital","description":"Conectamos a l\u00edderes visionarios con fuentes de financiamiento de alto nivel, creando alianzas estrat\u00e9gicas que impulsan el \u00e9xito y aseguran la sostenibilidad de sus proyectos.","robots":{"index":"noindex","follow":"nofollow"},"og_locale":"en_US","og_type":"article","og_title":"Aviso de Privacidad - Bright Legacy Capital","og_description":"Conectamos a l\u00edderes visionarios con fuentes de financiamiento de alto nivel, creando alianzas estrat\u00e9gicas que impulsan el \u00e9xito y aseguran la sostenibilidad de sus proyectos.","og_url":"https:\/\/www.brightlegacycapital.com\/en\/aviso-de-privacidad\/","og_site_name":"Bright Legacy Capital - Inversiones y Financiamiento","article_modified_time":"2025-07-14T21:40:27+00:00","og_image":[{"width":1056,"height":620,"url":"https:\/\/www.brightlegacycapital.com\/wp-content\/uploads\/2025\/04\/blc-logo.webp","type":"image\/webp"}],"twitter_card":"summary_large_image","twitter_misc":{"Est. reading time":"3 minutes"},"schema":{"@context":"https:\/\/schema.org","@graph":[{"@type":"WebPage","@id":"https:\/\/www.brightlegacycapital.com\/aviso-de-privacidad\/","url":"https:\/\/www.brightlegacycapital.com\/aviso-de-privacidad\/","name":"Aviso de Privacidad - Bright Legacy Capital","isPartOf":{"@id":"https:\/\/www.brightlegacycapital.com\/#website"},"datePublished":"2025-02-17T05:30:47+00:00","dateModified":"2025-07-14T21:40:27+00:00","description":"Conectamos a l\u00edderes visionarios con fuentes de financiamiento de alto nivel, creando alianzas estrat\u00e9gicas que impulsan el \u00e9xito y aseguran la sostenibilidad de sus proyectos.","breadcrumb":{"@id":"https:\/\/www.brightlegacycapital.com\/aviso-de-privacidad\/#breadcrumb"},"inLanguage":"en-US","potentialAction":[{"@type":"ReadAction","target":["https:\/\/www.brightlegacycapital.com\/aviso-de-privacidad\/"]}]},{"@type":"BreadcrumbList","@id":"https:\/\/www.brightlegacycapital.com\/aviso-de-privacidad\/#breadcrumb","itemListElement":[{"@type":"ListItem","position":1,"name":"Inicio","item":"https:\/\/www.brightlegacycapital.com\/"},{"@type":"ListItem","position":2,"name":"Aviso de Privacidad"}]},{"@type":"WebSite","@id":"https:\/\/www.brightlegacycapital.com\/#website","url":"https:\/\/www.brightlegacycapital.com\/","name":"Bright Legacy Capital - Investments and Financing","description":"Conectamos a l\u00edderes visionarios con fuentes de financiamiento de alto nivel, creando alianzas estrat\u00e9gicas que impulsan el \u00e9xito y aseguran la sostenibilidad de sus proyectos.","publisher":{"@id":"https:\/\/www.brightlegacycapital.com\/#organization"},"potentialAction":[{"@type":"SearchAction","target":{"@type":"EntryPoint","urlTemplate":"https:\/\/www.brightlegacycapital.com\/?s={search_term_string}"},"query-input":{"@type":"PropertyValueSpecification","valueRequired":true,"valueName":"search_term_string"}}],"inLanguage":"en-US"},{"@type":"Organization","@id":"https:\/\/www.brightlegacycapital.com\/#organization","name":"Bright Legacy Capital - Investments and Financing","url":"https:\/\/www.brightlegacycapital.com\/","logo":{"@type":"ImageObject","inLanguage":"en-US","@id":"https:\/\/www.brightlegacycapital.com\/#\/schema\/logo\/image\/","url":"https:\/\/www.brightlegacycapital.com\/wp-content\/uploads\/2025\/04\/blc-logo.webp","contentUrl":"https:\/\/www.brightlegacycapital.com\/wp-content\/uploads\/2025\/04\/blc-logo.webp","width":1056,"height":620,"caption":"Bright Legacy Capital - Inversiones y Financiamiento"},"image":{"@id":"https:\/\/www.brightlegacycapital.com\/#\/schema\/logo\/image\/"}}]}},"_links":{"self":[{"href":"https:\/\/www.brightlegacycapital.com\/en\/wp-json\/wp\/v2\/pages\/3","targetHints":{"allow":["GET"]}}],"collection":[{"href":"https:\/\/www.brightlegacycapital.com\/en\/wp-json\/wp\/v2\/pages"}],"about":[{"href":"https:\/\/www.brightlegacycapital.com\/en\/wp-json\/wp\/v2\/types\/page"}],"author":[{"embeddable":true,"href":"https:\/\/www.brightlegacycapital.com\/en\/wp-json\/wp\/v2\/users\/1"}],"replies":[{"embeddable":true,"href":"https:\/\/www.brightlegacycapital.com\/en\/wp-json\/wp\/v2\/comments?post=3"}],"version-history":[{"count":5,"href":"https:\/\/www.brightlegacycapital.com\/en\/wp-json\/wp\/v2\/pages\/3\/revisions"}],"predecessor-version":[{"id":9931,"href":"https:\/\/www.brightlegacycapital.com\/en\/wp-json\/wp\/v2\/pages\/3\/revisions\/9931"}],"wp:attachment":[{"href":"https:\/\/www.brightlegacycapital.com\/en\/wp-json\/wp\/v2\/media?parent=3"}],"curies":[{"name":"wp","href":"https:\/\/api.w.org\/{rel}","templated":true}]}}